{"id":53,"date":"2024-06-18T10:00:04","date_gmt":"2024-06-18T10:00:04","guid":{"rendered":"https:\/\/krinner-re.com\/?page_id=53"},"modified":"2025-04-28T07:06:01","modified_gmt":"2025-04-28T07:06:01","slug":"krinner-renewable-energy-ihr-partner-fuer-nachhaltige-solarpark-infrastruktur","status":"publish","type":"page","link":"https:\/\/krinner-re.com\/en\/krinner-renewable-energy-ihr-partner-fuer-nachhaltige-solarpark-infrastruktur\/","title":{"rendered":"Krinner Renewable Energy | Ihr Partner f\u00fcr nachhaltige Solarpark-Infrastruktur"},"content":{"rendered":"<div id=\"fws_69e3677c64956\"  data-column-margin=\"default\" data-midnight=\"dark\" data-top-percent=\"5%\" data-bottom-percent=\"12%\"  class=\"wpb_row vc_row-fluid vc_row full-width-section\"  style=\"padding-top: calc(100vw * 0.05); padding-bottom: calc(100vw * 0.12); \"><div class=\"row-bg-wrap\" data-bg-animation=\"none\" data-bg-animation-delay=\"\" data-bg-overlay=\"true\"><div class=\"inner-wrap row-bg-layer using-image\" ><div class=\"row-bg viewport-desktop using-image\"  style=\"background-image: url(https:\/\/krinner-re.com\/wp-content\/uploads\/2024\/06\/img-desktop-Kopie.webp); background-position: 0% 30%; background-repeat: no-repeat; \"><\/div><\/div><div class=\"row-bg-overlay row-bg-layer\" style=\"background: rgba(50,56,90,0); background: linear-gradient(to bottom,rgba(50,56,90,0) 0%,#32385a 100%);  opacity: 0.95; \"><\/div><\/div><div class=\"row_col_wrap_12 col span_12 dark left\">\n\t<div  class=\"vc_col-sm-12 wpb_column column_container vc_column_container col no-extra-padding inherit_tablet inherit_phone\"  data-padding-pos=\"all\" data-has-bg-color=\"false\" data-bg-color=\"\" data-bg-opacity=\"1\" data-animation=\"\" data-delay=\"0\" >\n\t\t<div class=\"vc_column-inner\" >\n\t\t\t<div class=\"wpb_wrapper\">\n\t\t\t\t<div id=\"fws_69e3677c64d20\" data-midnight=\"\" data-column-margin=\"default\" class=\"wpb_row vc_row-fluid vc_row inner_row\"  style=\"\"><div class=\"row-bg-wrap\"> <div class=\"row-bg\" ><\/div> <\/div><div class=\"row_col_wrap_12_inner col span_12  left\">\n\t<div  class=\"vc_col-sm-12 wpb_column column_container vc_column_container col child_column padding-5-percent force-desktop-text-align-left inherit_tablet inherit_phone\"   data-padding-pos=\"top-bottom\" data-has-bg-color=\"false\" data-bg-color=\"\" data-bg-opacity=\"1\" data-animation=\"\" data-delay=\"0\" >\n\t\t<div class=\"vc_column-inner\" >\n\t\t<div class=\"wpb_wrapper\">\n\t\t\t<div class=\"img-with-aniamtion-wrap\" data-max-width=\"100%\" data-max-width-mobile=\"100%\" data-shadow=\"none\" data-animation=\"none\" >\n      <div class=\"inner\">\n        <div class=\"hover-wrap\"> \n          <div class=\"hover-wrap-inner\">\n            <a href=\"https:\/\/krinner-re.com\/en\/\" target=\"_self\" class=\"\">\n              <img loading=\"lazy\" decoding=\"async\" class=\"img-with-animation krinnerLogo skip-lazy\" data-delay=\"0\" height=\"100\" width=\"100\" data-animation=\"none\" src=\"https:\/\/krinner-re.com\/wp-content\/uploads\/2025\/04\/2025_04_15_krinner_logo_WHITE.svg\" alt=\"\"  \/>\n            <\/a>\n          <\/div>\n        <\/div>\n      <\/div>\n      <\/div><div class=\"divider-wrap\" data-alignment=\"default\"><div style=\"height: 2vh;\" class=\"divider\"><\/div><\/div>\n\t\t<\/div> \n\t<\/div>\n\t<\/div> \n<\/div><\/div>\n\t\t\t<\/div> \n\t\t<\/div>\n\t<\/div> \n<\/div><\/div>\n\t\t<div id=\"fws_69e3677c6539d\"  data-column-margin=\"default\" data-midnight=\"dark\"  class=\"wpb_row vc_row-fluid vc_row\"  style=\"padding-top: 0px; padding-bottom: 0px; \"><div class=\"row-bg-wrap\" data-bg-animation=\"none\" data-bg-animation-delay=\"\" data-bg-overlay=\"false\"><div class=\"inner-wrap row-bg-layer\" ><div class=\"row-bg viewport-desktop\"  style=\"\"><\/div><\/div><\/div><div class=\"row_col_wrap_12 col span_12 dark left\">\n\t<div  class=\"vc_col-sm-12 wpb_column column_container vc_column_container col no-extra-padding inherit_tablet inherit_phone\"  data-padding-pos=\"all\" data-has-bg-color=\"false\" data-bg-color=\"\" data-bg-opacity=\"1\" data-animation=\"\" data-delay=\"0\" >\n\t\t<div class=\"vc_column-inner\" >\n\t\t\t<div class=\"wpb_wrapper\">\n\t\t\t\t<div id=\"fws_69e3677c65595\" data-midnight=\"\" data-column-margin=\"default\" class=\"wpb_row vc_row-fluid vc_row inner_row\"  style=\"\"><div class=\"row-bg-wrap\"> <div class=\"row-bg\" ><\/div> <\/div><div class=\"row_col_wrap_12_inner col span_12  left\">\n\t<div  class=\"vc_col-sm-8 wpb_column column_container vc_column_container col child_column no-extra-padding inherit_tablet inherit_phone\"   data-padding-pos=\"all\" data-has-bg-color=\"false\" data-bg-color=\"\" data-bg-opacity=\"1\" data-animation=\"\" data-delay=\"0\" >\n\t\t<div class=\"vc_column-inner\" >\n\t\t<div class=\"wpb_wrapper\">\n\t\t\t<div class=\"nectar-responsive-text font_size_desktop_45px font_size_phone_1em font_line_height_1-1em nectar-link-underline-effect\" style=\"max-width: 99%;\"><h3>Company Information, June 2024<\/h3>\n<\/div><div class=\"nectar-responsive-text font_size_desktop_30px font_size_phone_20px font_line_height_1-3em nectar-link-underline-effect\"><p>We produce, deliver, and install mechanical systems such as steel and aluminum structures for renewable energy installations, particularly solar parks. Our specialty is the development and implementation of substructures that meet the specific requirements of your projects and guarantee optimal output through innovative technical solutions. Krinner Renewable Energy relies on proprietary, proven, and sustainably deployable screw foundations.<\/p>\n<h4>Versatility<\/h4>\n<p>Our screw foundation technologies offer durable solutions for a wide range of soil types, terrains, and elevation differences. They are designed to withstand challenges posed by temperature and weather conditions as well as the most difficult soil conditions.<\/p>\n<h4>Analysis, Adaptation, and Flexibility<\/h4>\n<p>From thorough soil analysis to precise alignment planning: Krinner Renewable Energy assesses on-site conditions from the ground up to the final construction stage as needed. Our portfolio includes both fixed and movable systems that can be installed close to the ground or at heights of up to 5 meters. Our customers should not have to limit their usable space but instead benefit from a significant increase in available usable area.<\/p>\n<h4>Customized Planning and Professional Implementation<\/h4>\n<p>Our engineers work closely with you to develop tailored solutions considering all relevant parameters. Our technicians ensure proper on-site assembly. Thanks to our in-house fabrication and installation facilities, we achieve a smooth process resulting in a sustainable end product. No project is too large, and no distance is too far.<\/p>\n<p>Our reference projects include a 300 MW solar park in Europe, 470 MW in North America, and 1177 MW in the Middle East. Where can we assist you in expanding renewable energy? We look forward to hearing from you!<\/p>\n<\/div><div class=\"divider-wrap height_tablet_20px\" data-alignment=\"default\"><div style=\"height: 20px;\" class=\"divider\"><\/div><\/div><a class=\"nectar-button medium regular accent-color  regular-button\"  role=\"button\" style=\"color: #32385a; \" target=\"_blank\" href=\"https:\/\/krinner-re.com\/wp-content\/uploads\/2024\/06\/Krinner_RE_Company_Information_EN.pdf\" data-color-override=\"false\" data-hover-color-override=\"false\" data-hover-text-color-override=\"#fff\"><span>Text as PDF<\/span><\/a>\n\t\t<\/div> \n\t<\/div>\n\t<\/div> \n\n\t<div  class=\"vc_col-sm-4 wpb_column column_container vc_column_container col child_column no-extra-padding inherit_tablet inherit_phone\"   data-padding-pos=\"all\" data-has-bg-color=\"false\" data-bg-color=\"\" data-bg-opacity=\"1\" data-animation=\"\" data-delay=\"0\" >\n\t\t<div class=\"vc_column-inner\" >\n\t\t<div class=\"wpb_wrapper\">\n\t\t\t\n\t\t<\/div> \n\t<\/div>\n\t<\/div> \n<\/div><\/div>\n\t\t\t<\/div> \n\t\t<\/div>\n\t<\/div> \n<\/div><\/div>\n\t\t<div id=\"fws_69e3677c65bca\"  data-column-margin=\"default\" data-midnight=\"dark\"  class=\"wpb_row vc_row-fluid vc_row\"  style=\"padding-top: 0px; padding-bottom: 0px; \"><div class=\"row-bg-wrap\" data-bg-animation=\"none\" data-bg-animation-delay=\"\" data-bg-overlay=\"false\"><div class=\"inner-wrap row-bg-layer\" ><div class=\"row-bg viewport-desktop\"  style=\"\"><\/div><\/div><\/div><div class=\"row_col_wrap_12 col span_12 dark left\">\n\t<div  class=\"vc_col-sm-12 wpb_column column_container vc_column_container col no-extra-padding inherit_tablet inherit_phone\"  data-padding-pos=\"all\" data-has-bg-color=\"false\" data-bg-color=\"\" data-bg-opacity=\"1\" data-animation=\"\" data-delay=\"0\" >\n\t\t<div class=\"vc_column-inner\" >\n\t\t\t<div class=\"wpb_wrapper\">\n\t\t\t\t<div class=\"divider-wrap\" data-alignment=\"default\"><div style=\"height: 10vh;\" class=\"divider\"><\/div><\/div>\n\t\t\t<\/div> \n\t\t<\/div>\n\t<\/div> \n<\/div><\/div>\n\t\t<div id=\"fws_69e3677c65e14\"  data-column-margin=\"default\" data-midnight=\"dark\" data-bottom-percent=\"10%\"  class=\"wpb_row vc_row-fluid vc_row\"  style=\"padding-top: 0px; padding-bottom: calc(100vw * 0.10); \"><div class=\"row-bg-wrap\" data-bg-animation=\"none\" data-bg-animation-delay=\"\" data-bg-overlay=\"false\"><div class=\"inner-wrap row-bg-layer\" ><div class=\"row-bg viewport-desktop\"  style=\"\"><\/div><\/div><\/div><div class=\"row_col_wrap_12 col span_12 dark left\">\n\t<div  class=\"vc_col-sm-12 wpb_column column_container vc_column_container col no-extra-padding inherit_tablet inherit_phone\"  data-padding-pos=\"all\" data-has-bg-color=\"false\" data-bg-color=\"\" data-bg-opacity=\"1\" data-animation=\"\" data-delay=\"0\" >\n\t\t<div class=\"vc_column-inner\" >\n\t\t\t<div class=\"wpb_wrapper\">\n\t\t\t\t<div id=\"fws_69e3677c65fcb\" data-midnight=\"\" data-column-margin=\"default\" class=\"wpb_row vc_row-fluid vc_row inner_row\"  style=\"\"><div class=\"row-bg-wrap\"> <div class=\"row-bg\" ><\/div> <\/div><div class=\"row_col_wrap_12_inner col span_12  left\">\n\t<div  class=\"vc_col-sm-8 wpb_column column_container vc_column_container col child_column no-extra-padding inherit_tablet inherit_phone\"   data-padding-pos=\"all\" data-has-bg-color=\"false\" data-bg-color=\"\" data-bg-opacity=\"1\" data-animation=\"\" data-delay=\"0\" >\n\t\t<div class=\"vc_column-inner\" >\n\t\t<div class=\"wpb_wrapper\">\n\t\t\t<div class=\"nectar-responsive-text font_size_desktop_20px font_line_height_1-2em nectar-link-underline-effect\"><p>Krinner Renewable Energy GmbH<br \/>\nUtzschneiderstr. 8, \u00a080469 M\u00fcnchen<br \/>\n<a class=\"accessed\" href=\"mailto:info@krinner-re.com\">info@krinner-re.com<\/a><\/p>\n<\/div>\n\t\t<\/div> \n\t<\/div>\n\t<\/div> \n\n\t<div  class=\"vc_col-sm-4 wpb_column column_container vc_column_container col child_column no-extra-padding inherit_tablet inherit_phone\"   data-padding-pos=\"all\" data-has-bg-color=\"false\" data-bg-color=\"\" data-bg-opacity=\"1\" data-animation=\"\" data-delay=\"0\" >\n\t\t<div class=\"vc_column-inner\" >\n\t\t<div class=\"wpb_wrapper\">\n\t\t\t\n\t\t<\/div> \n\t<\/div>\n\t<\/div> \n<\/div><\/div><div id=\"fws_69e3677c66392\" data-midnight=\"\" data-column-margin=\"default\" class=\"wpb_row vc_row-fluid vc_row inner_row\"  style=\"\"><div class=\"row-bg-wrap\"> <div class=\"row-bg\" ><\/div> <\/div><div class=\"row_col_wrap_12_inner col span_12  left\">\n\t<div  class=\"vc_col-sm-6 wpb_column column_container vc_column_container col child_column no-extra-padding inherit_tablet inherit_phone\"   data-padding-pos=\"all\" data-has-bg-color=\"false\" data-bg-color=\"\" data-bg-opacity=\"1\" data-animation=\"\" data-delay=\"0\" >\n\t\t<div class=\"vc_column-inner\" >\n\t\t<div class=\"wpb_wrapper\">\n\t\t\t<div class=\"nectar-responsive-text font_size_desktop_16px font_line_height_1em nectar-link-underline-effect\"><p><a href=\"https:\/\/krinner-re.com\/en\/datenschutz\/\">Data security<\/a> &#8211; <a href=\"https:\/\/krinner-re.com\/en\/impressum\/\">Imprint<\/a><\/p>\n<\/div>\n\t\t<\/div> \n\t<\/div>\n\t<\/div> \n\n\t<div  class=\"vc_col-sm-6 wpb_column column_container vc_column_container col child_column no-extra-padding inherit_tablet inherit_phone\"   data-padding-pos=\"all\" data-has-bg-color=\"false\" data-bg-color=\"\" data-bg-opacity=\"1\" data-animation=\"\" data-delay=\"0\" >\n\t\t<div class=\"vc_column-inner\" >\n\t\t<div class=\"wpb_wrapper\">\n\t\t\t\n\t\t<\/div> \n\t<\/div>\n\t<\/div> \n<\/div><\/div>\n\t\t\t<\/div> \n\t\t<\/div>\n\t<\/div> \n<\/div><\/div>","protected":false},"excerpt":{"rendered":"Unternehmens\u00adinformation, Juni 2024 Wir produzieren, liefern und installieren mechanische Komponenten, z. B. aus Stahl und Aluminium f\u00fcr Anlagen im Bereich der erneuerbaren Energien, insbesondere f\u00fcr...","protected":false},"author":1,"featured_media":0,"parent":0,"menu_order":0,"comment_status":"closed","ping_status":"closed","template":"","meta":{"footnotes":""},"class_list":["post-53","page","type-page","status-publish"],"yoast_head":"<!-- This site is optimized with the Yoast SEO plugin v27.4 - https:\/\/yoast.com\/product\/yoast-seo-wordpress\/ -->\n<title>Krinner Renewable Energy | Ihr Partner f\u00fcr nachhaltige Solarpark-Infrastruktur - Krinner Renewable Energy<\/title>\n<meta name=\"description\" content=\"Krinner Renewable Energy: Ihr Spezialist f\u00fcr innovative Schraubfundamente und ma\u00dfgeschneiderte Unterkonstruktionen f\u00fcr effiziente und nachhaltige Solarpark-Projekte.\" \/>\n<meta name=\"robots\" content=\"index, follow, max-snippet:-1, max-image-preview:large, max-video-preview:-1\" \/>\n<link rel=\"canonical\" href=\"https:\/\/krinner-re.com\/en\/krinner-renewable-energy-ihr-partner-fuer-nachhaltige-solarpark-infrastruktur\/\" \/>\n<meta property=\"og:locale\" content=\"en_US\" \/>\n<meta property=\"og:type\" content=\"article\" \/>\n<meta property=\"og:title\" content=\"Krinner Renewable Energy | Ihr Partner f\u00fcr nachhaltige Solarpark-Infrastruktur - Krinner Renewable Energy\" \/>\n<meta property=\"og:description\" content=\"Krinner Renewable Energy: Ihr Spezialist f\u00fcr innovative Schraubfundamente und ma\u00dfgeschneiderte Unterkonstruktionen f\u00fcr effiziente und nachhaltige Solarpark-Projekte.\" \/>\n<meta property=\"og:url\" content=\"https:\/\/krinner-re.com\/en\/krinner-renewable-energy-ihr-partner-fuer-nachhaltige-solarpark-infrastruktur\/\" \/>\n<meta property=\"og:site_name\" content=\"Krinner Renewable Energy\" \/>\n<meta property=\"article:modified_time\" content=\"2025-04-28T07:06:01+00:00\" \/>\n<meta name=\"twitter:card\" content=\"summary_large_image\" \/>\n<meta name=\"twitter:label1\" content=\"Est. reading time\" \/>\n\t<meta name=\"twitter:data1\" content=\"5 minutes\" \/>\n<script type=\"application\/ld+json\" class=\"yoast-schema-graph\">{\"@context\":\"https:\\\/\\\/schema.org\",\"@graph\":[{\"@type\":\"WebPage\",\"@id\":\"https:\\\/\\\/krinner-re.com\\\/krinner-renewable-energy-ihr-partner-fuer-nachhaltige-solarpark-infrastruktur\\\/\",\"url\":\"https:\\\/\\\/krinner-re.com\\\/krinner-renewable-energy-ihr-partner-fuer-nachhaltige-solarpark-infrastruktur\\\/\",\"name\":\"Krinner Renewable Energy | Ihr Partner f\u00fcr nachhaltige Solarpark-Infrastruktur - Krinner Renewable Energy\",\"isPartOf\":{\"@id\":\"https:\\\/\\\/krinner-re.com\\\/#website\"},\"datePublished\":\"2024-06-18T10:00:04+00:00\",\"dateModified\":\"2025-04-28T07:06:01+00:00\",\"description\":\"Krinner Renewable Energy: Ihr Spezialist f\u00fcr innovative Schraubfundamente und ma\u00dfgeschneiderte Unterkonstruktionen f\u00fcr effiziente und nachhaltige Solarpark-Projekte.\",\"breadcrumb\":{\"@id\":\"https:\\\/\\\/krinner-re.com\\\/krinner-renewable-energy-ihr-partner-fuer-nachhaltige-solarpark-infrastruktur\\\/#breadcrumb\"},\"inLanguage\":\"en-US\",\"potentialAction\":[{\"@type\":\"ReadAction\",\"target\":[\"https:\\\/\\\/krinner-re.com\\\/krinner-renewable-energy-ihr-partner-fuer-nachhaltige-solarpark-infrastruktur\\\/\"]}]},{\"@type\":\"BreadcrumbList\",\"@id\":\"https:\\\/\\\/krinner-re.com\\\/krinner-renewable-energy-ihr-partner-fuer-nachhaltige-solarpark-infrastruktur\\\/#breadcrumb\",\"itemListElement\":[{\"@type\":\"ListItem\",\"position\":1,\"name\":\"Startseite\",\"item\":\"https:\\\/\\\/krinner-re.com\\\/\"},{\"@type\":\"ListItem\",\"position\":2,\"name\":\"Krinner Renewable Energy | Ihr Partner f\u00fcr nachhaltige Solarpark-Infrastruktur\"}]},{\"@type\":\"WebSite\",\"@id\":\"https:\\\/\\\/krinner-re.com\\\/#website\",\"url\":\"https:\\\/\\\/krinner-re.com\\\/\",\"name\":\"Krinner Renewable Energy\",\"description\":\"Ihr Partner f&uuml;r nachhaltige Solarpark-Infrastruktur\",\"publisher\":{\"@id\":\"https:\\\/\\\/krinner-re.com\\\/#organization\"},\"potentialAction\":[{\"@type\":\"SearchAction\",\"target\":{\"@type\":\"EntryPoint\",\"urlTemplate\":\"https:\\\/\\\/krinner-re.com\\\/?s={search_term_string}\"},\"query-input\":{\"@type\":\"PropertyValueSpecification\",\"valueRequired\":true,\"valueName\":\"search_term_string\"}}],\"inLanguage\":\"en-US\"},{\"@type\":\"Organization\",\"@id\":\"https:\\\/\\\/krinner-re.com\\\/#organization\",\"name\":\"Krinner Renewable Energy\",\"url\":\"https:\\\/\\\/krinner-re.com\\\/\",\"logo\":{\"@type\":\"ImageObject\",\"inLanguage\":\"en-US\",\"@id\":\"https:\\\/\\\/krinner-re.com\\\/#\\\/schema\\\/logo\\\/image\\\/\",\"url\":\"https:\\\/\\\/krinner-re.com\\\/wp-content\\\/uploads\\\/2024\\\/06\\\/Logo-Krinner-RE-Black-on-white-S.png\",\"contentUrl\":\"https:\\\/\\\/krinner-re.com\\\/wp-content\\\/uploads\\\/2024\\\/06\\\/Logo-Krinner-RE-Black-on-white-S.png\",\"width\":640,\"height\":200,\"caption\":\"Krinner Renewable Energy\"},\"image\":{\"@id\":\"https:\\\/\\\/krinner-re.com\\\/#\\\/schema\\\/logo\\\/image\\\/\"}}]}<\/script>\n<!-- \/ Yoast SEO plugin. -->","yoast_head_json":{"title":"Krinner Renewable Energy | Ihr Partner f\u00fcr nachhaltige Solarpark-Infrastruktur - Krinner Renewable Energy","description":"Krinner Renewable Energy: Ihr Spezialist f\u00fcr innovative Schraubfundamente und ma\u00dfgeschneiderte Unterkonstruktionen f\u00fcr effiziente und nachhaltige Solarpark-Projekte.","robots":{"index":"index","follow":"follow","max-snippet":"max-snippet:-1","max-image-preview":"max-image-preview:large","max-video-preview":"max-video-preview:-1"},"canonical":"https:\/\/krinner-re.com\/en\/krinner-renewable-energy-ihr-partner-fuer-nachhaltige-solarpark-infrastruktur\/","og_locale":"en_US","og_type":"article","og_title":"Krinner Renewable Energy | Ihr Partner f\u00fcr nachhaltige Solarpark-Infrastruktur - Krinner Renewable Energy","og_description":"Krinner Renewable Energy: Ihr Spezialist f\u00fcr innovative Schraubfundamente und ma\u00dfgeschneiderte Unterkonstruktionen f\u00fcr effiziente und nachhaltige Solarpark-Projekte.","og_url":"https:\/\/krinner-re.com\/en\/krinner-renewable-energy-ihr-partner-fuer-nachhaltige-solarpark-infrastruktur\/","og_site_name":"Krinner Renewable Energy","article_modified_time":"2025-04-28T07:06:01+00:00","twitter_card":"summary_large_image","twitter_misc":{"Est. reading time":"5 minutes"},"schema":{"@context":"https:\/\/schema.org","@graph":[{"@type":"WebPage","@id":"https:\/\/krinner-re.com\/krinner-renewable-energy-ihr-partner-fuer-nachhaltige-solarpark-infrastruktur\/","url":"https:\/\/krinner-re.com\/krinner-renewable-energy-ihr-partner-fuer-nachhaltige-solarpark-infrastruktur\/","name":"Krinner Renewable Energy | Ihr Partner f\u00fcr nachhaltige Solarpark-Infrastruktur - Krinner Renewable Energy","isPartOf":{"@id":"https:\/\/krinner-re.com\/#website"},"datePublished":"2024-06-18T10:00:04+00:00","dateModified":"2025-04-28T07:06:01+00:00","description":"Krinner Renewable Energy: Ihr Spezialist f\u00fcr innovative Schraubfundamente und ma\u00dfgeschneiderte Unterkonstruktionen f\u00fcr effiziente und nachhaltige Solarpark-Projekte.","breadcrumb":{"@id":"https:\/\/krinner-re.com\/krinner-renewable-energy-ihr-partner-fuer-nachhaltige-solarpark-infrastruktur\/#breadcrumb"},"inLanguage":"en-US","potentialAction":[{"@type":"ReadAction","target":["https:\/\/krinner-re.com\/krinner-renewable-energy-ihr-partner-fuer-nachhaltige-solarpark-infrastruktur\/"]}]},{"@type":"BreadcrumbList","@id":"https:\/\/krinner-re.com\/krinner-renewable-energy-ihr-partner-fuer-nachhaltige-solarpark-infrastruktur\/#breadcrumb","itemListElement":[{"@type":"ListItem","position":1,"name":"Startseite","item":"https:\/\/krinner-re.com\/"},{"@type":"ListItem","position":2,"name":"Krinner Renewable Energy | Ihr Partner f\u00fcr nachhaltige Solarpark-Infrastruktur"}]},{"@type":"WebSite","@id":"https:\/\/krinner-re.com\/#website","url":"https:\/\/krinner-re.com\/","name":"Krinner Renewable Energy","description":"Ihr Partner f&uuml;r nachhaltige Solarpark-Infrastruktur","publisher":{"@id":"https:\/\/krinner-re.com\/#organization"},"potentialAction":[{"@type":"SearchAction","target":{"@type":"EntryPoint","urlTemplate":"https:\/\/krinner-re.com\/?s={search_term_string}"},"query-input":{"@type":"PropertyValueSpecification","valueRequired":true,"valueName":"search_term_string"}}],"inLanguage":"en-US"},{"@type":"Organization","@id":"https:\/\/krinner-re.com\/#organization","name":"Krinner Renewable Energy","url":"https:\/\/krinner-re.com\/","logo":{"@type":"ImageObject","inLanguage":"en-US","@id":"https:\/\/krinner-re.com\/#\/schema\/logo\/image\/","url":"https:\/\/krinner-re.com\/wp-content\/uploads\/2024\/06\/Logo-Krinner-RE-Black-on-white-S.png","contentUrl":"https:\/\/krinner-re.com\/wp-content\/uploads\/2024\/06\/Logo-Krinner-RE-Black-on-white-S.png","width":640,"height":200,"caption":"Krinner Renewable Energy"},"image":{"@id":"https:\/\/krinner-re.com\/#\/schema\/logo\/image\/"}}]}},"_links":{"self":[{"href":"https:\/\/krinner-re.com\/en\/wp-json\/wp\/v2\/pages\/53","targetHints":{"allow":["GET"]}}],"collection":[{"href":"https:\/\/krinner-re.com\/en\/wp-json\/wp\/v2\/pages"}],"about":[{"href":"https:\/\/krinner-re.com\/en\/wp-json\/wp\/v2\/types\/page"}],"author":[{"embeddable":true,"href":"https:\/\/krinner-re.com\/en\/wp-json\/wp\/v2\/users\/1"}],"replies":[{"embeddable":true,"href":"https:\/\/krinner-re.com\/en\/wp-json\/wp\/v2\/comments?post=53"}],"version-history":[{"count":23,"href":"https:\/\/krinner-re.com\/en\/wp-json\/wp\/v2\/pages\/53\/revisions"}],"predecessor-version":[{"id":143,"href":"https:\/\/krinner-re.com\/en\/wp-json\/wp\/v2\/pages\/53\/revisions\/143"}],"wp:attachment":[{"href":"https:\/\/krinner-re.com\/en\/wp-json\/wp\/v2\/media?parent=53"}],"curies":[{"name":"wp","href":"https:\/\/api.w.org\/{rel}","templated":true}]}}